{"id":255,"date":"2021-04-13T14:17:54","date_gmt":"2021-04-13T14:17:54","guid":{"rendered":"http:\/\/www.copierscz.cz\/?page_id=255"},"modified":"2025-01-18T09:14:20","modified_gmt":"2025-01-18T09:14:20","slug":"nabidka","status":"publish","type":"page","link":"https:\/\/www.copierscz.cz\/index.php\/nabidka\/","title":{"rendered":"Nab\u00eddka"},"content":{"rendered":"\n<hr class=\"wp-block-separator\"\/>\n\n\n\n<figure class=\"wp-block-image size-large\"><img loading=\"lazy\" width=\"1024\" height=\"142\" src=\"https:\/\/www.copierscz.cz\/wp-content\/uploads\/2025\/01\/Drawing-1024x142.png\" alt=\"\" class=\"wp-image-795\" srcset=\"https:\/\/www.copierscz.cz\/wp-content\/uploads\/2025\/01\/Drawing-1024x142.png 1024w, https:\/\/www.copierscz.cz\/wp-content\/uploads\/2025\/01\/Drawing-300x42.png 300w, https:\/\/www.copierscz.cz\/wp-content\/uploads\/2025\/01\/Drawing-768x106.png 768w, https:\/\/www.copierscz.cz\/wp-content\/uploads\/2025\/01\/Drawing-1536x213.png 1536w, https:\/\/www.copierscz.cz\/wp-content\/uploads\/2025\/01\/Drawing-2048x284.png 2048w\" sizes=\"(max-width: 1024px) 100vw, 1024px\" \/><\/figure>\n\n\n\n<hr class=\"wp-block-separator\"\/>\n\n\n\n<h2><strong>Rozvoz spot\u0159ebn\u00edho materi\u00e1lu a mobiln\u00ed servis<\/strong><\/h2>\n\n\n\n<p>V r\u00e1mci okresu ostrava zdarma, d\u00e1le po dohod\u011b<\/p>\n\n\n\n<p>Mo\u017enost zas\u00edl\u00e1n\u00ed p\u0159epravn\u00ed slu\u017ebou&nbsp;<\/p>\n\n\n\n<hr class=\"wp-block-separator\"\/>\n\n\n\n<h2><strong>Pron\u00e1jem Multifunk\u010dn\u00edch a kop\u00edrovac\u00edch za\u0159\u00edzen\u00ed<\/strong><\/h2>\n\n\n\n<p>Kr\u00e1tkodob\u00fd i dlouhodob\u00fd pron\u00e1jem\u2503Flexibiln\u00ed slu\u017eba \u2503Cenov\u011b v\u00fdhodn\u00e1 nab\u00eddka \u2503Zahrnuje spot\u0159ebn\u00ed materi\u00e1l<\/p>\n\n\n\n<hr class=\"wp-block-separator\"\/>\n\n\n\n<h2><span class=\"has-inline-color has-black-color\">Prodej spot\u0159ebn\u00edho materi\u00e1lu <\/span><\/h2>\n\n\n\n<h2><span class=\"has-inline-color has-black-color\"><strong>Konica&nbsp;Minolta, HP, Canon, OKI<\/strong> a dal\u0161\u00edch<\/span><\/h2>\n\n\n\n<figure class=\"wp-block-table is-style-stripes .wp-block-table { font-size: 17pt; }\"><table><tbody><tr><td><span class=\"has-inline-color has-black-color\"><strong>Cena toner\u016f <\/strong><\/span><\/td><td class=\"has-text-align-right\" data-align=\"right\"><span class=\"has-inline-color has-black-color\"><strong>od 388 k\u010d v\u010d. DPH<\/strong><\/span><\/td><\/tr><\/tbody><\/table><\/figure>\n\n\n\n<p><\/p>\n","protected":false},"excerpt":{"rendered":"<p>Rozvoz spot\u0159ebn\u00edho materi\u00e1lu a mobiln\u00ed servis V r\u00e1mci okresu ostrava zdarma, d\u00e1le po dohod\u011b Mo\u017enost zas\u00edl\u00e1n\u00ed p\u0159epravn\u00ed slu\u017ebou&nbsp; Pron\u00e1jem Multifunk\u010dn\u00edch a kop\u00edrovac\u00edch za\u0159\u00edzen\u00ed Kr\u00e1tkodob\u00fd i dlouhodob\u00fd pron\u00e1jem\u2503Flexibiln\u00ed slu\u017eba \u2503Cenov\u011b v\u00fdhodn\u00e1 nab\u00eddka \u2503Zahrnuje spot\u0159ebn\u00ed materi\u00e1l Prodej spot\u0159ebn\u00edho materi\u00e1lu Konica&nbsp;Minolta, HP, Canon, OKI a dal\u0161\u00edch Cena toner\u016f od 388 k\u010d v\u010d. DPH<\/p>\n","protected":false},"author":1,"featured_media":0,"parent":0,"menu_order":0,"comment_status":"closed","ping_status":"closed","template":"page-templates\/template-fullwidth.php","meta":[],"_links":{"self":[{"href":"https:\/\/www.copierscz.cz\/index.php\/wp-json\/wp\/v2\/pages\/255"}],"collection":[{"href":"https:\/\/www.copierscz.cz\/index.php\/wp-json\/wp\/v2\/pages"}],"about":[{"href":"https:\/\/www.copierscz.cz\/index.php\/wp-json\/wp\/v2\/types\/page"}],"author":[{"embeddable":true,"href":"https:\/\/www.copierscz.cz\/index.php\/wp-json\/wp\/v2\/users\/1"}],"replies":[{"embeddable":true,"href":"https:\/\/www.copierscz.cz\/index.php\/wp-json\/wp\/v2\/comments?post=255"}],"version-history":[{"count":103,"href":"https:\/\/www.copierscz.cz\/index.php\/wp-json\/wp\/v2\/pages\/255\/revisions"}],"predecessor-version":[{"id":803,"href":"https:\/\/www.copierscz.cz\/index.php\/wp-json\/wp\/v2\/pages\/255\/revisions\/803"}],"wp:attachment":[{"href":"https:\/\/www.copierscz.cz\/index.php\/wp-json\/wp\/v2\/media?parent=255"}],"curies":[{"name":"wp","href":"https:\/\/api.w.org\/{rel}","templated":true}]}}