{"id":247,"date":"2021-04-13T14:13:22","date_gmt":"2021-04-13T14:13:22","guid":{"rendered":"http:\/\/www.copierscz.cz\/?page_id=247"},"modified":"2025-01-18T09:26:45","modified_gmt":"2025-01-18T09:26:45","slug":"sluzby","status":"publish","type":"page","link":"https:\/\/www.copierscz.cz\/index.php\/sluzby\/","title":{"rendered":"Slu\u017eby"},"content":{"rendered":"\n<hr class=\"wp-block-separator\"\/>\n\n\n\n<h2 class=\"has-text-align-left\"><strong>Mobiln\u00ed servis<\/strong><\/h2>\n\n\n\n<p>V r\u00e1mci okresu ostrava zdarma, d\u00e1le po dohod\u011b<\/p>\n\n\n\n<hr class=\"wp-block-separator\"\/>\n\n\n\n<p><\/p>\n\n\n\n<h2 class=\"has-text-align-left\"><span class=\"has-inline-color has-black-color\"><strong>Pron\u00e1jem<\/strong><\/span><\/h2>\n\n\n\n<p><span class=\"has-inline-color has-black-color\">Kr\u00e1tkodob\u00fd i dlouhodob\u00fd pron\u00e1jem multifunk\u010dn\u00edch kop\u00edrovac\u00edch za\u0159\u00edzen\u00ed nejen do firem, ale taky nap\u0159\u00edklad na stavby<\/span><\/p>\n\n\n\n<figure class=\"wp-block-table is-style-stripes\"><table><tbody><tr><td> <span class=\"has-inline-color has-black-color\">Cena<\/span> (podle po\u010dtu kopi\u00ed)<\/td><td class=\"has-text-align-right\" data-align=\"right\"><span class=\"has-inline-color has-black-color\">od 0,35 k\u010d<\/span><\/td><\/tr><\/tbody><\/table><figcaption>Spot\u0159ebn\u00ed materi\u00e1l a opravy pronajat\u00e9ho za\u0159\u00edzen\u00ed jsou v cen\u011b zapo\u010dteny<\/figcaption><\/figure>\n\n\n\n<hr class=\"wp-block-separator\"\/>\n\n\n\n<h2 class=\"has-text-align-left\"><span class=\"has-inline-color has-black-color\"><strong>Prodej toner\u016f<\/strong><\/span><\/h2>\n\n\n\n<p><span class=\"has-inline-color has-black-color\">N\u00e1hrada za vypot\u0159ebovanou kazetu. Nov\u00e1 a se stejn\u00fdmi parametry jako origin\u00e1l<\/span>, za atraktivn\u00ed cenu<\/p>\n\n\n\n<div style=\"height:41px\" aria-hidden=\"true\" class=\"wp-block-spacer\"><\/div>\n","protected":false},"excerpt":{"rendered":"<p>Mobiln\u00ed servis V r\u00e1mci okresu ostrava zdarma, d\u00e1le po dohod\u011b Pron\u00e1jem Kr\u00e1tkodob\u00fd i dlouhodob\u00fd pron\u00e1jem multifunk\u010dn\u00edch kop\u00edrovac\u00edch za\u0159\u00edzen\u00ed nejen do firem, ale taky nap\u0159\u00edklad na stavby Cena (podle po\u010dtu kopi\u00ed) od 0,35 k\u010d Spot\u0159ebn\u00ed materi\u00e1l a opravy pronajat\u00e9ho za\u0159\u00edzen\u00ed jsou v cen\u011b zapo\u010dteny Prodej toner\u016f N\u00e1hrada za vypot\u0159ebovanou kazetu. Nov\u00e1 [&hellip;]<\/p>\n","protected":false},"author":1,"featured_media":0,"parent":0,"menu_order":0,"comment_status":"closed","ping_status":"closed","template":"","meta":[],"_links":{"self":[{"href":"https:\/\/www.copierscz.cz\/index.php\/wp-json\/wp\/v2\/pages\/247"}],"collection":[{"href":"https:\/\/www.copierscz.cz\/index.php\/wp-json\/wp\/v2\/pages"}],"about":[{"href":"https:\/\/www.copierscz.cz\/index.php\/wp-json\/wp\/v2\/types\/page"}],"author":[{"embeddable":true,"href":"https:\/\/www.copierscz.cz\/index.php\/wp-json\/wp\/v2\/users\/1"}],"replies":[{"embeddable":true,"href":"https:\/\/www.copierscz.cz\/index.php\/wp-json\/wp\/v2\/comments?post=247"}],"version-history":[{"count":24,"href":"https:\/\/www.copierscz.cz\/index.php\/wp-json\/wp\/v2\/pages\/247\/revisions"}],"predecessor-version":[{"id":815,"href":"https:\/\/www.copierscz.cz\/index.php\/wp-json\/wp\/v2\/pages\/247\/revisions\/815"}],"wp:attachment":[{"href":"https:\/\/www.copierscz.cz\/index.php\/wp-json\/wp\/v2\/media?parent=247"}],"curies":[{"name":"wp","href":"https:\/\/api.w.org\/{rel}","templated":true}]}}