{"id":244,"date":"2021-04-13T14:11:42","date_gmt":"2021-04-13T14:11:42","guid":{"rendered":"http:\/\/www.copierscz.cz\/?page_id=244"},"modified":"2025-01-18T09:19:05","modified_gmt":"2025-01-18T09:19:05","slug":"cenik","status":"publish","type":"page","link":"https:\/\/www.copierscz.cz\/index.php\/cenik\/","title":{"rendered":"Cen\u00edk"},"content":{"rendered":"\n<div class=\"wp-block-group\"><div class=\"wp-block-group__inner-container\">\n<div class=\"wp-block-themeisle-blocks-advanced-columns has-1-columns has-desktop-equal-layout has-tablet-equal-layout has-mobile-equal-layout has-default-gap has-vertical-unset\" id=\"wp-block-themeisle-blocks-advanced-columns-706db7af\"><div class=\"wp-block-themeisle-blocks-advanced-columns-overlay\"><\/div><div class=\"innerblocks-wrap\">\n<div class=\"wp-block-themeisle-blocks-advanced-column\" id=\"wp-block-themeisle-blocks-advanced-column-e0e7a2c7\">\n<hr class=\"wp-block-separator\"\/>\n\n\n\n<h2><span class=\"has-inline-color has-black-color\">Kop\u00edrovac\u00ed a tiskov\u00e9 pr\u00e1ce<\/span><\/h2>\n\n\n\n<p><span class=\"has-inline-color has-black-color\">\u010cernob\u00edl\u00e9, barevn\u00e9, jednostrann\u00e9 i oboustrann\u00e9 kop\u00edrov\u00e1n\u00ed a tisk do velikosti A3<\/span><\/p>\n\n\n\n<figure class=\"wp-block-table is-style-stripes\"><table><tbody><tr><td><span class=\"has-inline-color has-black-color\">\u010dernob\u00edl\u00e9 <\/span><\/td><td class=\"has-text-align-right\" data-align=\"right\"><span class=\"has-inline-color has-black-color\">3 k\u010d v\u010d. DPH<\/span><\/td><\/tr><tr><td><span class=\"has-inline-color has-black-color\">barevn\u00e9<\/span><\/td><td class=\"has-text-align-right\" data-align=\"right\"><span class=\"has-inline-color has-black-color\">od 9 k\u010d v\u010d. DPH<\/span><\/td><\/tr><\/tbody><\/table><figcaption>Mno\u017estevn\u00ed sleva mo\u017en\u00e1 dle individu\u00e1ln\u00ed domluvy<\/figcaption><\/figure>\n<\/div>\n<\/div><\/div>\n\n\n\n<div class=\"wp-block-group\"><div class=\"wp-block-group__inner-container\">\n<hr class=\"wp-block-separator\"\/>\n\n\n\n<h2><span class=\"has-inline-color has-black-color\">Servisn\u00ed slu\u017eby<\/span><\/h2>\n\n\n\n<figure class=\"wp-block-table is-style-stripes\"><table><tbody><tr><td><span class=\"has-inline-color has-black-color\">Kop\u00edrovac\u00ed a tiskov\u00e9 stroje<\/span><\/td><td class=\"has-text-align-right\" data-align=\"right\"><span class=\"has-inline-color has-black-color\">490 k\u010d\/hod bez DPH<\/span><\/td><\/tr><tr><td><span class=\"has-inline-color has-black-color\">PC softwarov\u00e1 \u0159e\u0161en\u00ed<\/span><\/td><td class=\"has-text-align-right\" data-align=\"right\"><span class=\"has-inline-color has-black-color\">590 k\u010d\/hod bez DPH<\/span><\/td><\/tr><\/tbody><\/table><\/figure>\n<\/div><\/div>\n\n\n\n<div class=\"wp-block-group\"><div class=\"wp-block-group__inner-container\">\n<hr class=\"wp-block-separator\"\/>\n\n\n\n<h2><span class=\"has-inline-color has-black-color\">Spot\u0159ebn\u00ed materi\u00e1l<\/span><\/h2>\n\n\n\n<p><span class=\"has-inline-color has-black-color\">Spot\u0159ebn\u00ed materi\u00e1l HP, Canon, Samsung, Ricoh, Konica Minolta, Xerox Epson a dal\u0161\u00edch<\/span><\/p>\n\n\n\n<figure class=\"wp-block-table is-style-stripes .wp-block-table td { font-size: 190%; }\"><table><tbody><tr><td><span class=\"has-inline-color has-black-color\"><strong>Cena toner\u016f<\/strong><\/span><\/td><td class=\"has-text-align-right\" data-align=\"right\"><span class=\"has-inline-color has-black-color\"><strong>od 388 k\u010d v\u010d. DPH<\/strong><\/span><\/td><\/tr><\/tbody><\/table><\/figure>\n<\/div><\/div>\n<\/div><\/div>\n\n\n\n<p><\/p>\n","protected":false},"excerpt":{"rendered":"","protected":false},"author":1,"featured_media":0,"parent":0,"menu_order":0,"comment_status":"closed","ping_status":"closed","template":"","meta":[],"_links":{"self":[{"href":"https:\/\/www.copierscz.cz\/index.php\/wp-json\/wp\/v2\/pages\/244"}],"collection":[{"href":"https:\/\/www.copierscz.cz\/index.php\/wp-json\/wp\/v2\/pages"}],"about":[{"href":"https:\/\/www.copierscz.cz\/index.php\/wp-json\/wp\/v2\/types\/page"}],"author":[{"embeddable":true,"href":"https:\/\/www.copierscz.cz\/index.php\/wp-json\/wp\/v2\/users\/1"}],"replies":[{"embeddable":true,"href":"https:\/\/www.copierscz.cz\/index.php\/wp-json\/wp\/v2\/comments?post=244"}],"version-history":[{"count":34,"href":"https:\/\/www.copierscz.cz\/index.php\/wp-json\/wp\/v2\/pages\/244\/revisions"}],"predecessor-version":[{"id":806,"href":"https:\/\/www.copierscz.cz\/index.php\/wp-json\/wp\/v2\/pages\/244\/revisions\/806"}],"wp:attachment":[{"href":"https:\/\/www.copierscz.cz\/index.php\/wp-json\/wp\/v2\/media?parent=244"}],"curies":[{"name":"wp","href":"https:\/\/api.w.org\/{rel}","templated":true}]}}