{"id":241,"date":"2024-02-19T18:28:05","date_gmt":"2024-02-19T18:28:05","guid":{"rendered":"http:\/\/www.copierscz.cz\/?page_id=241"},"modified":"2025-01-18T09:25:46","modified_gmt":"2025-01-18T09:25:46","slug":"kontakt","status":"publish","type":"page","link":"https:\/\/www.copierscz.cz\/index.php\/kontakt\/","title":{"rendered":"Kontakt"},"content":{"rendered":"\n<hr class=\"wp-block-separator\"\/>\n\n\n\n<h2>Kontaktn\u00ed \u00fadaje<\/h2>\n\n\n\n<div class=\"wp-block-columns\">\n<div class=\"wp-block-column\">\n<p>Mobil <strong>731 413 701<\/strong><\/p>\n\n\n\n<p><\/p>\n<\/div>\n\n\n\n<div class=\"wp-block-column\">\n<p>Email <strong>copierscz@copierscz.cz<\/strong><\/p>\n\n\n\n<p><\/p>\n<\/div>\n<\/div>\n\n\n\n<hr class=\"wp-block-separator\"\/>\n\n\n\n<h2>Adresa provozovny<\/h2>\n\n\n\n<div class=\"wp-block-group\"><div class=\"wp-block-group__inner-container\">\n<div class=\"wp-block-columns\">\n<div class=\"wp-block-column\">\n<p><strong>28. \u0158\u00edjna 868<\/strong><\/p>\n<\/div>\n\n\n\n<div class=\"wp-block-column\">\n<p><strong>Klimkovice<\/strong> (Okres Ostrava)<\/p>\n<\/div>\n<\/div>\n<\/div><\/div>\n\n\n\n<hr class=\"wp-block-separator\"\/>\n\n\n\n<h2>Otev\u00edrac\u00ed doba<\/h2>\n\n\n\n<div class=\"wp-block-group\"><div class=\"wp-block-group__inner-container\">\n<div class=\"wp-block-group\"><div class=\"wp-block-group__inner-container\">\n<div class=\"wp-block-columns\">\n<div class=\"wp-block-column\">\n<p><strong>Po-Ne po p\u0159edchoz\u00ed domluv\u011b<\/strong><\/p>\n<\/div>\n\n\n\n<div class=\"wp-block-column\">\n<p>Provozovna i mobiln\u00ed servis<\/p>\n<\/div>\n<\/div>\n<\/div><\/div>\n<\/div><\/div>\n\n\n\n<div class=\"wp-block-themeisle-blocks-advanced-columns has-2-columns has-desktop-equal-layout has-tablet-equal-layout has-mobile-collapsedRows-layout has-default-gap has-vertical-unset\" id=\"wp-block-themeisle-blocks-advanced-columns-4e517ebc\"><div class=\"wp-block-themeisle-blocks-advanced-columns-overlay\"><\/div><div class=\"innerblocks-wrap\">\n<div class=\"wp-block-themeisle-blocks-advanced-column\" id=\"wp-block-themeisle-blocks-advanced-column-31a7b464\">\n<figure class=\"wp-block-image size-large is-style-default\"><img loading=\"lazy\" width=\"830\" height=\"566\" src=\"https:\/\/www.copierscz.cz\/wp-content\/uploads\/2024\/02\/Screenshot-2024-02-18-at-16.04.51.png\" alt=\"\" class=\"wp-image-700\" srcset=\"https:\/\/www.copierscz.cz\/wp-content\/uploads\/2024\/02\/Screenshot-2024-02-18-at-16.04.51.png 830w, https:\/\/www.copierscz.cz\/wp-content\/uploads\/2024\/02\/Screenshot-2024-02-18-at-16.04.51-300x205.png 300w, https:\/\/www.copierscz.cz\/wp-content\/uploads\/2024\/02\/Screenshot-2024-02-18-at-16.04.51-768x524.png 768w\" sizes=\"(max-width: 830px) 100vw, 830px\" \/><\/figure>\n<\/div>\n\n\n\n<div class=\"wp-block-themeisle-blocks-advanced-column\" id=\"wp-block-themeisle-blocks-advanced-column-2ed874de\">\n<div class=\"wp-block-image\"><figure class=\"aligncenter size-large\"><img loading=\"lazy\" width=\"1024\" height=\"410\" src=\"https:\/\/www.copierscz.cz\/wp-content\/uploads\/2025\/01\/Screenshot-2025-01-18-at-10.18.48-1024x410.png\" alt=\"\" class=\"wp-image-807\" srcset=\"https:\/\/www.copierscz.cz\/wp-content\/uploads\/2025\/01\/Screenshot-2025-01-18-at-10.18.48-1024x410.png 1024w, https:\/\/www.copierscz.cz\/wp-content\/uploads\/2025\/01\/Screenshot-2025-01-18-at-10.18.48-300x120.png 300w, https:\/\/www.copierscz.cz\/wp-content\/uploads\/2025\/01\/Screenshot-2025-01-18-at-10.18.48-768x308.png 768w, https:\/\/www.copierscz.cz\/wp-content\/uploads\/2025\/01\/Screenshot-2025-01-18-at-10.18.48-1536x615.png 1536w, https:\/\/www.copierscz.cz\/wp-content\/uploads\/2025\/01\/Screenshot-2025-01-18-at-10.18.48-2048x821.png 2048w\" sizes=\"(max-width: 1024px) 100vw, 1024px\" \/><\/figure><\/div>\n\n\n\n<p>Mo\u017enost parkov\u00e1n\u00ed na dvou m\u00edstech<\/p>\n\n\n\n<p>Bl\u00edzko Rudn\u00e9 I sjezdu z d\u00e1lnice<\/p>\n\n\n\n<p>U hlavn\u00ed cesty<\/p>\n\n\n\n<p><\/p>\n<\/div>\n<\/div><\/div>\n","protected":false},"excerpt":{"rendered":"<p>Kontaktn\u00ed \u00fadaje Mobil 731 413 701 Email copierscz@copierscz.cz Adresa provozovny Otev\u00edrac\u00ed doba<\/p>\n","protected":false},"author":1,"featured_media":0,"parent":0,"menu_order":0,"comment_status":"closed","ping_status":"closed","template":"page-templates\/template-fullwidth.php","meta":[],"_links":{"self":[{"href":"https:\/\/www.copierscz.cz\/index.php\/wp-json\/wp\/v2\/pages\/241"}],"collection":[{"href":"https:\/\/www.copierscz.cz\/index.php\/wp-json\/wp\/v2\/pages"}],"about":[{"href":"https:\/\/www.copierscz.cz\/index.php\/wp-json\/wp\/v2\/types\/page"}],"author":[{"embeddable":true,"href":"https:\/\/www.copierscz.cz\/index.php\/wp-json\/wp\/v2\/users\/1"}],"replies":[{"embeddable":true,"href":"https:\/\/www.copierscz.cz\/index.php\/wp-json\/wp\/v2\/comments?post=241"}],"version-history":[{"count":225,"href":"https:\/\/www.copierscz.cz\/index.php\/wp-json\/wp\/v2\/pages\/241\/revisions"}],"predecessor-version":[{"id":813,"href":"https:\/\/www.copierscz.cz\/index.php\/wp-json\/wp\/v2\/pages\/241\/revisions\/813"}],"wp:attachment":[{"href":"https:\/\/www.copierscz.cz\/index.php\/wp-json\/wp\/v2\/media?parent=241"}],"curies":[{"name":"wp","href":"https:\/\/api.w.org\/{rel}","templated":true}]}}