{"id":136,"date":"2021-04-13T10:22:35","date_gmt":"2021-04-13T10:22:35","guid":{"rendered":"https:\/\/www.copierscz.cz\/index.php\/hestia-front\/"},"modified":"2025-01-18T09:36:31","modified_gmt":"2025-01-18T09:36:31","slug":"hestia-front","status":"publish","type":"page","link":"https:\/\/www.copierscz.cz\/","title":{"rendered":"O n\u00e1s"},"content":{"rendered":"\n<h1 class=\"has-text-align-center\"><span style=\"color:#f431e0\" class=\"has-inline-color\">Pron\u00e1jem za\u0159\u00edzen\u00ed a prodej toner\u016f v\u0161ech zna\u010dek<\/span> <\/h1>\n\n\n\n<h4 class=\"has-text-align-center\"><strong><span class=\"has-inline-color has-black-color\">Od roku 1998 se zab\u00fdv\u00e1me prodejem, pron\u00e1jmem a servisem multifunk\u010dn\u00edch za\u0159\u00edzen\u00ed.<\/span><\/strong><\/h4>\n\n\n\n<hr class=\"wp-block-separator\"\/>\n\n\n\n<div class=\"wp-block-columns\">\n<div class=\"wp-block-column\">\n<p style=\"font-size:22px\"><strong><span class=\"has-inline-color has-black-color\">Pron\u00e1jem kop\u00edrovac\u00edch stroj\u016f<\/span><\/strong><\/p>\n<\/div>\n\n\n\n<div class=\"wp-block-column\">\n<p style=\"font-size:22px\"><span class=\"has-inline-color has-black-color\"><strong>Mobiln\u00ed Servis <\/strong>tisk\u00e1ren a kop\u00edrek<\/span><\/p>\n<\/div>\n\n\n\n<div class=\"wp-block-column\">\n<p style=\"font-size:22px\"><strong><span class=\"has-inline-color has-black-color\">Prodej spot\u0159ebn\u00edho materi\u00e1lu<\/span><\/strong><\/p>\n<\/div>\n<\/div>\n\n\n\n<hr class=\"wp-block-separator\"\/>\n\n\n\n<p style=\"font-size:22px\"><span class=\"has-inline-color has-black-color\">V provozovn\u011b mo\u017eno<strong> <\/strong>barevn\u011b i \u010dernob\u00edle tisknout,<strong> kop\u00edrovat, skenovat a laminovat<\/strong> do form\u00e1tu A3<\/span><\/p>\n\n\n\n<p style=\"font-size:22px\"><span class=\"has-inline-color has-black-color\"><strong>Prodej toner\u016f<\/strong> a spot\u0159ebn\u00edho materi\u00e1lu HP, Canon, OKI, Konica Minolta a dal\u0161\u00edch<\/span><\/p>\n\n\n\n<div class=\"wp-block-themeisle-blocks-advanced-columns has-2-columns has-desktop-equal-layout has-tablet-equal-layout has-mobile-collapsedRows-layout has-default-gap has-vertical-unset\" id=\"wp-block-themeisle-blocks-advanced-columns-6110f827\"><div class=\"wp-block-themeisle-blocks-advanced-columns-overlay\"><\/div><div class=\"innerblocks-wrap\">\n<div class=\"wp-block-themeisle-blocks-advanced-column\" id=\"wp-block-themeisle-blocks-advanced-column-1f988e9f\">\n<figure class=\"wp-block-image size-large is-style-default\"><img loading=\"lazy\" width=\"1024\" height=\"768\" src=\"https:\/\/www.copierscz.cz\/wp-content\/uploads\/2024\/03\/IMG-20240318-WA0003-2-1024x768.jpg\" alt=\"\" class=\"wp-image-776\" srcset=\"https:\/\/www.copierscz.cz\/wp-content\/uploads\/2024\/03\/IMG-20240318-WA0003-2-1024x768.jpg 1024w, https:\/\/www.copierscz.cz\/wp-content\/uploads\/2024\/03\/IMG-20240318-WA0003-2-300x225.jpg 300w, https:\/\/www.copierscz.cz\/wp-content\/uploads\/2024\/03\/IMG-20240318-WA0003-2-768x576.jpg 768w, https:\/\/www.copierscz.cz\/wp-content\/uploads\/2024\/03\/IMG-20240318-WA0003-2-1536x1152.jpg 1536w, https:\/\/www.copierscz.cz\/wp-content\/uploads\/2024\/03\/IMG-20240318-WA0003-2.jpg 1759w\" sizes=\"(max-width: 1024px) 100vw, 1024px\" \/><\/figure>\n<\/div>\n\n\n\n<div class=\"wp-block-themeisle-blocks-advanced-column\" id=\"wp-block-themeisle-blocks-advanced-column-23fdc082\">\n<div class=\"wp-block-group\"><div class=\"wp-block-group__inner-container\">\n<h2><span class=\"has-inline-color has-black-color\">Kde n\u00e1s najdete<\/span><\/h2>\n\n\n\n<p><span class=\"has-inline-color has-black-color\">28. \u0158\u00edjna 868, <strong>Klimkovice<\/strong><\/span><\/p>\n\n\n\n<h2><span class=\"has-inline-color has-black-color\">Kdy n\u00e1s zastihnete<\/span><\/h2>\n\n\n\n<p><span class=\"has-inline-color has-black-color\">Po-Ne <strong>po p\u0159edchoz\u00ed telefonick\u00e9 domluv\u011b<\/strong><\/span><\/p>\n\n\n\n<h2><span class=\"has-inline-color has-black-color\">Jak se s n\u00e1m spojit<\/span><\/h2>\n\n\n\n<p><span class=\"has-inline-color has-black-color\">Telefon<\/span><span style=\"color:#f431e0\" class=\"has-inline-color\"><strong> <\/strong><\/span><span style=\"color:#14c4fc\" class=\"has-inline-color\"><strong>731 413 701<\/strong><\/span><\/p>\n<\/div><\/div>\n<\/div>\n<\/div><\/div>\n\n\n\n<p><\/p>\n","protected":false},"excerpt":{"rendered":"<p>Pron\u00e1jem za\u0159\u00edzen\u00ed a prodej toner\u016f v\u0161ech zna\u010dek Od roku 1998 se zab\u00fdv\u00e1me prodejem, pron\u00e1jmem a servisem multifunk\u010dn\u00edch za\u0159\u00edzen\u00ed. Pron\u00e1jem kop\u00edrovac\u00edch stroj\u016f Mobiln\u00ed Servis tisk\u00e1ren a kop\u00edrek Prodej spot\u0159ebn\u00edho materi\u00e1lu V provozovn\u011b mo\u017eno barevn\u011b i \u010dernob\u00edle tisknout, kop\u00edrovat, skenovat a laminovat do form\u00e1tu A3 Prodej toner\u016f a spot\u0159ebn\u00edho materi\u00e1lu HP, Canon, [&hellip;]<\/p>\n","protected":false},"author":1,"featured_media":0,"parent":0,"menu_order":0,"comment_status":"closed","ping_status":"closed","template":"","meta":[],"_links":{"self":[{"href":"https:\/\/www.copierscz.cz\/index.php\/wp-json\/wp\/v2\/pages\/136"}],"collection":[{"href":"https:\/\/www.copierscz.cz\/index.php\/wp-json\/wp\/v2\/pages"}],"about":[{"href":"https:\/\/www.copierscz.cz\/index.php\/wp-json\/wp\/v2\/types\/page"}],"author":[{"embeddable":true,"href":"https:\/\/www.copierscz.cz\/index.php\/wp-json\/wp\/v2\/users\/1"}],"replies":[{"embeddable":true,"href":"https:\/\/www.copierscz.cz\/index.php\/wp-json\/wp\/v2\/comments?post=136"}],"version-history":[{"count":136,"href":"https:\/\/www.copierscz.cz\/index.php\/wp-json\/wp\/v2\/pages\/136\/revisions"}],"predecessor-version":[{"id":832,"href":"https:\/\/www.copierscz.cz\/index.php\/wp-json\/wp\/v2\/pages\/136\/revisions\/832"}],"wp:attachment":[{"href":"https:\/\/www.copierscz.cz\/index.php\/wp-json\/wp\/v2\/media?parent=136"}],"curies":[{"name":"wp","href":"https:\/\/api.w.org\/{rel}","templated":true}]}}